{"id":521,"date":"2020-12-09T20:01:31","date_gmt":"2020-12-09T20:01:31","guid":{"rendered":"https:\/\/zeste.pe-art.ch\/?page_id=521"},"modified":"2025-09-15T11:16:37","modified_gmt":"2025-09-15T11:16:37","slug":"cours-ateliers-conferences-formations","status":"publish","type":"page","link":"https:\/\/zestenutrition.ch\/index.php\/cours-ateliers-conferences-formations\/","title":{"rendered":"Cours, ateliers, conf\u00e9rences, formations"},"content":{"rendered":"\t\t<div data-elementor-type=\"wp-page\" data-elementor-id=\"521\" class=\"elementor elementor-521\" data-elementor-post-type=\"page\">\n\t\t\t\t\t\t<section class=\"ob-is-breaking-bad elementor-section elementor-top-section elementor-element elementor-element-195a50f6 elementor-section-boxed elementor-section-height-default elementor-section-height-default\" data-id=\"195a50f6\" data-element_type=\"section\" data-e-type=\"section\" data-settings=\"{&quot;animation&quot;:&quot;none&quot;,&quot;_ob_bbad_use_it&quot;:&quot;yes&quot;,&quot;_ob_bbad_sssic_use&quot;:&quot;no&quot;,&quot;_ob_glider_is_slider&quot;:&quot;no&quot;}\">\n\t\t\t\t\t\t<div class=\"elementor-container elementor-column-gap-default\">\n\t\t\t\t\t<div class=\"elementor-column elementor-col-100 elementor-top-column elementor-element elementor-element-4d052fca\" data-id=\"4d052fca\" data-element_type=\"column\" data-e-type=\"column\" data-settings=\"{&quot;_ob_bbad_is_stalker&quot;:&quot;no&quot;,&quot;_ob_teleporter_use&quot;:false,&quot;_ob_column_hoveranimator&quot;:&quot;no&quot;,&quot;_ob_column_has_pseudo&quot;:&quot;no&quot;}\">\n\t\t\t<div class=\"elementor-widget-wrap elementor-element-populated\">\n\t\t\t\t\t\t<div class=\"elementor-element elementor-element-0646f18 ob-harakiri-inherit ob-has-background-overlay elementor-widget elementor-widget-text-editor\" data-id=\"0646f18\" data-element_type=\"widget\" data-e-type=\"widget\" data-settings=\"{&quot;_ob_use_harakiri&quot;:&quot;yes&quot;,&quot;_ob_harakiri_writing_mode&quot;:&quot;inherit&quot;,&quot;_ob_postman_use&quot;:&quot;no&quot;,&quot;_ob_perspektive_use&quot;:&quot;no&quot;,&quot;_ob_poopart_use&quot;:&quot;yes&quot;,&quot;_ob_shadough_use&quot;:&quot;no&quot;,&quot;_ob_allow_hoveranimator&quot;:&quot;no&quot;,&quot;_ob_widget_stalker_use&quot;:&quot;no&quot;}\" data-widget_type=\"text-editor.default\">\n\t\t\t\t<div class=\"elementor-widget-container\">\n\t\t\t\t\t\t\t\t\t<p>La promotion d\u2019une alimentation \u00e9quilibr\u00e9e peut prendre diverses formes. L\u2019\u00e9nergie du groupe acc\u00e9l\u00e8re l\u2019acquisition de nouvelles connaissances et comp\u00e9tences.<\/p><p>Vous souhaitez proposer un cours, une conf\u00e9rence au sujet de la nutrition \u00e0 vos employ\u00e9s, \u00e9l\u00e8ves ou adh\u00e9rents? Je propose des solutions personnalis\u00e9es et innovantes pour traiter du th\u00e8me choisi.<\/p>\t\t\t\t\t\t\t\t<\/div>\n\t\t\t\t<\/div>\n\t\t\t\t<div class=\"elementor-element elementor-element-4092eb59 ob-harakiri-inherit ob-has-background-overlay elementor-widget elementor-widget-heading\" data-id=\"4092eb59\" data-element_type=\"widget\" data-e-type=\"widget\" data-settings=\"{&quot;_ob_use_harakiri&quot;:&quot;yes&quot;,&quot;_ob_harakiri_writing_mode&quot;:&quot;inherit&quot;,&quot;_ob_harakiri_text_clip&quot;:&quot;none&quot;,&quot;_ob_perspektive_use&quot;:&quot;no&quot;,&quot;_ob_poopart_use&quot;:&quot;yes&quot;,&quot;_ob_shadough_use&quot;:&quot;no&quot;,&quot;_ob_allow_hoveranimator&quot;:&quot;no&quot;,&quot;_ob_widget_stalker_use&quot;:&quot;no&quot;}\" data-widget_type=\"heading.default\">\n\t\t\t\t<div class=\"elementor-widget-container\">\n\t\t\t\t\t<h3 class=\"elementor-heading-title elementor-size-default\">Quelques r\u00e9alisations et collaborations<\/h3>\t\t\t\t<\/div>\n\t\t\t\t<\/div>\n\t\t\t\t<div class=\"elementor-element elementor-element-2bf412f2 ob-harakiri-inherit ob-has-background-overlay elementor-widget elementor-widget-text-editor\" data-id=\"2bf412f2\" data-element_type=\"widget\" data-e-type=\"widget\" data-settings=\"{&quot;_ob_use_harakiri&quot;:&quot;yes&quot;,&quot;_ob_harakiri_writing_mode&quot;:&quot;inherit&quot;,&quot;_ob_postman_use&quot;:&quot;no&quot;,&quot;_ob_perspektive_use&quot;:&quot;no&quot;,&quot;_ob_poopart_use&quot;:&quot;yes&quot;,&quot;_ob_shadough_use&quot;:&quot;no&quot;,&quot;_ob_allow_hoveranimator&quot;:&quot;no&quot;,&quot;_ob_widget_stalker_use&quot;:&quot;no&quot;}\" data-widget_type=\"text-editor.default\">\n\t\t\t\t<div class=\"elementor-widget-container\">\n\t\t\t\t\t\t\t\t\t<ul><li>S\u00e9minaire \u00ab\u00a0Comment je mange, je bouge, je vis\u00a0\u00bb<\/li><li>Offre Bien-\u00eatre 2020<\/li><li>Colloques de p\u00e9diatrie, HIB (Ob\u00e9sit\u00e9 infantile, V\u00e9ganisme chez l\u2019enfant)<\/li><li>Intervention lors de conf\u00e9rences One-Day-Surgery, Fribourg (Endom\u00e9triose, De l\u2019arthrose \u00e0 la proth\u00e8se)<\/li><li>Recettes pour paniers de fruits et l\u00e9gumes de la r\u00e9gion, Jacot mara\u00eecher Delley<\/li><li>Animation de stands d&rsquo;information \u00e0 l&rsquo;occasion des journ\u00e9es mondiales du diab\u00e8te<\/li><li>\u00ab\u00a0Causeries\u00a0\u00bb sur la nutrition pour le Club des a\u00een\u00e9s d&rsquo;Avenches<\/li><li>Ateliers sur la gestion du poids lors d&rsquo;une campagne de promotion de la sant\u00e9 en entreprise, CIMO<\/li><li>Caf\u00e9-rencontre \u00ab\u00a0stress et alimentation\u00a0\u00bb pour le Groupement des Dames de Delley-Portalban-Gletterens<\/li><li>Cours et d\u00e9gustation attentive \u00ab\u00a0L&rsquo;alimentation, et si on laissait parler notre intuition?\u00a0\u00bb pour les Paysannes vaudoises de Grandcour et environs<\/li><li>\u00ab\u00a0Bref plongeon en nutrition\u00a0\u00bb, camps de gardien de foot USBB<\/li><li>Intervention dans la demi-journ\u00e9e de formation continue de la Soci\u00e9t\u00e9 Neuch\u00e2teloise de M\u00e9decine \u00ab\u00a0Ob\u00e9sit\u00e9 et troubles du comportement alimentaire 2025\u00a0\u00bb<\/li><li>R\u00e9daction d&rsquo;articles pour l&rsquo;Aventic<\/li><\/ul>\t\t\t\t\t\t\t\t<\/div>\n\t\t\t\t<\/div>\n\t\t\t\t\t<\/div>\n\t\t<\/div>\n\t\t\t\t\t<\/div>\n\t\t<\/section>\n\t\t\t\t<\/div>\n\t\t","protected":false},"excerpt":{"rendered":"<p>La promotion d\u2019une alimentation \u00e9quilibr\u00e9e peut prendre diverses formes. L\u2019\u00e9nergie du groupe acc\u00e9l\u00e8re l\u2019acquisition de nouvelles connaissances et comp\u00e9tences. Vous souhaitez proposer un cours, une conf\u00e9rence au sujet de la nutrition \u00e0 vos employ\u00e9s, \u00e9l\u00e8ves ou adh\u00e9rents? Je propose des solutions personnalis\u00e9es et innovantes pour traiter du th\u00e8me choisi. Quelques r\u00e9alisations et collaborations S\u00e9minaire \u00ab\u00a0Comment [&hellip;]<\/p>\n","protected":false},"author":1,"featured_media":1549,"parent":0,"menu_order":5,"comment_status":"closed","ping_status":"closed","template":"","meta":{"_acf_changed":false,"footnotes":""},"folder":[],"class_list":["post-521","page","type-page","status-publish","has-post-thumbnail","hentry"],"acf":[],"_links":{"self":[{"href":"https:\/\/zestenutrition.ch\/index.php\/wp-json\/wp\/v2\/pages\/521","targetHints":{"allow":["GET"]}}],"collection":[{"href":"https:\/\/zestenutrition.ch\/index.php\/wp-json\/wp\/v2\/pages"}],"about":[{"href":"https:\/\/zestenutrition.ch\/index.php\/wp-json\/wp\/v2\/types\/page"}],"author":[{"embeddable":true,"href":"https:\/\/zestenutrition.ch\/index.php\/wp-json\/wp\/v2\/users\/1"}],"replies":[{"embeddable":true,"href":"https:\/\/zestenutrition.ch\/index.php\/wp-json\/wp\/v2\/comments?post=521"}],"version-history":[{"count":39,"href":"https:\/\/zestenutrition.ch\/index.php\/wp-json\/wp\/v2\/pages\/521\/revisions"}],"predecessor-version":[{"id":1976,"href":"https:\/\/zestenutrition.ch\/index.php\/wp-json\/wp\/v2\/pages\/521\/revisions\/1976"}],"wp:featuredmedia":[{"embeddable":true,"href":"https:\/\/zestenutrition.ch\/index.php\/wp-json\/wp\/v2\/media\/1549"}],"wp:attachment":[{"href":"https:\/\/zestenutrition.ch\/index.php\/wp-json\/wp\/v2\/media?parent=521"}],"wp:term":[{"taxonomy":"folder","embeddable":true,"href":"https:\/\/zestenutrition.ch\/index.php\/wp-json\/wp\/v2\/folder?post=521"}],"curies":[{"name":"wp","href":"https:\/\/api.w.org\/{rel}","templated":true}]}}