{"id":485,"date":"2020-12-09T19:27:56","date_gmt":"2020-12-09T19:27:56","guid":{"rendered":"https:\/\/zeste.pe-art.ch\/?page_id=485"},"modified":"2024-04-29T13:40:33","modified_gmt":"2024-04-29T13:40:33","slug":"tarifs-et-conditions","status":"publish","type":"page","link":"https:\/\/zestenutrition.ch\/index.php\/tarifs-et-conditions\/","title":{"rendered":"Tarifs et conditions"},"content":{"rendered":"\t\t<div data-elementor-type=\"wp-page\" data-elementor-id=\"485\" class=\"elementor elementor-485\" data-elementor-post-type=\"page\">\n\t\t\t\t\t\t<section class=\"ob-is-breaking-bad elementor-section elementor-top-section elementor-element elementor-element-6cd67d61 elementor-section-full_width elementor-section-height-default elementor-section-height-default\" data-id=\"6cd67d61\" data-element_type=\"section\" data-e-type=\"section\" data-settings=\"{&quot;animation&quot;:&quot;none&quot;,&quot;_ob_bbad_use_it&quot;:&quot;yes&quot;,&quot;_ob_bbad_sssic_use&quot;:&quot;no&quot;,&quot;_ob_glider_is_slider&quot;:&quot;no&quot;}\">\n\t\t\t\t\t\t<div class=\"elementor-container elementor-column-gap-default\">\n\t\t\t\t\t<div class=\"elementor-column elementor-col-100 elementor-top-column elementor-element elementor-element-37b5b8d6\" data-id=\"37b5b8d6\" data-element_type=\"column\" data-e-type=\"column\" data-settings=\"{&quot;_ob_bbad_is_stalker&quot;:&quot;no&quot;,&quot;_ob_teleporter_use&quot;:false,&quot;_ob_column_hoveranimator&quot;:&quot;no&quot;,&quot;_ob_column_has_pseudo&quot;:&quot;no&quot;}\">\n\t\t\t<div class=\"elementor-widget-wrap elementor-element-populated\">\n\t\t\t\t\t\t<div class=\"elementor-element elementor-element-5364ddf ob-harakiri-inherit ob-has-background-overlay elementor-widget elementor-widget-heading\" data-id=\"5364ddf\" data-element_type=\"widget\" data-e-type=\"widget\" data-settings=\"{&quot;_ob_use_harakiri&quot;:&quot;yes&quot;,&quot;_ob_harakiri_writing_mode&quot;:&quot;inherit&quot;,&quot;_ob_harakiri_text_clip&quot;:&quot;none&quot;,&quot;_ob_perspektive_use&quot;:&quot;no&quot;,&quot;_ob_poopart_use&quot;:&quot;yes&quot;,&quot;_ob_shadough_use&quot;:&quot;no&quot;,&quot;_ob_allow_hoveranimator&quot;:&quot;no&quot;,&quot;_ob_widget_stalker_use&quot;:&quot;no&quot;}\" data-widget_type=\"heading.default\">\n\t\t\t\t<div class=\"elementor-widget-container\">\n\t\t\t\t\t<h5 class=\"elementor-heading-title elementor-size-default\">Prestations LAMal (adress\u00e9 par un m\u00e9decin)<\/h5>\t\t\t\t<\/div>\n\t\t\t\t<\/div>\n\t\t\t\t<div class=\"elementor-element elementor-element-f219279 ob-harakiri-inherit ob-has-background-overlay elementor-widget elementor-widget-text-editor\" data-id=\"f219279\" data-element_type=\"widget\" data-e-type=\"widget\" data-settings=\"{&quot;_ob_use_harakiri&quot;:&quot;yes&quot;,&quot;_ob_harakiri_writing_mode&quot;:&quot;inherit&quot;,&quot;_ob_postman_use&quot;:&quot;no&quot;,&quot;_ob_perspektive_use&quot;:&quot;no&quot;,&quot;_ob_poopart_use&quot;:&quot;yes&quot;,&quot;_ob_shadough_use&quot;:&quot;no&quot;,&quot;_ob_allow_hoveranimator&quot;:&quot;no&quot;,&quot;_ob_widget_stalker_use&quot;:&quot;no&quot;}\" data-widget_type=\"text-editor.default\">\n\t\t\t\t<div class=\"elementor-widget-container\">\n\t\t\t\t\t\t\t\t\tVous \u00eates adress\u00e9s par un m\u00e9decin qui a r\u00e9alis\u00e9 une <a href=\"https:\/\/svde-asdd.ch\/fr\/formulaire-prescription-dietetique\/\" target=\"_blank\" rel=\"noopener\"><strong>prescription di\u00e9t\u00e9tique<\/strong><\/a> Vous pr\u00e9sentez\n<ul>\n \t<li>un trouble du m\u00e9tabolisme <div class=\"tooltip\"><strong>(1)<\/strong><br> <span class=\"tooltiptext\"><strong>Exemple d\u2019affections sur lesquelles une perte de poids peut avoir une influence positive : <\/strong>\n<br>Diab\u00e8te, pr\u00e9diab\u00e8te, intol\u00e9rance au glucose\n<br>Hypercholest\u00e9rol\u00e9mie, hyperlipid\u00e9mie, hypertriglyc\u00e9rid\u00e9mie\n<br>Intol\u00e9rance au lactose\n<br>Hypo-hyperthyro\u00efdie\n<br>Hyperuric\u00e9mie (goutte)<\/span><\/div><\/li>\n \t<li>un surpoids* (IMC \u2265 25 kg\/m<sup>2<\/sup>) et une affection sur laquelle la perte de poids peut avoir une influence positive <div class=\"tooltip\"><strong>(2)<\/strong> <span class=\"tooltiptext\"> <strong>Exemple d\u2019affections sur lesquelles une perte de poids peut avoir une influence positive :<\/strong><br>Hypertension\n<br>Arthrose\n<br>Apn\u00e9es du sommeil\n<br>Asthme\n<br>Varices<\/span><\/div><\/li>\n \t<li>une ob\u00e9sit\u00e9* (IMC \u2265 30 kg\/m<sup>2<\/sup>)<\/li>\n \t<li>une maladie cardio-vasculaire<\/li>\n \t<li>une maladie du tube digestif<\/li>\n \t<li>une maladie r\u00e9nale<\/li>\n \t<li>une d\u00e9nutrition ou malnutrition*<\/li>\n \t<li>une allergie ou intol\u00e9rance alimentaire<\/li>\n<\/ul>\n* chez les enfants et adolescents, selon courbes de croissance\t\t\t\t\t\t\t\t<\/div>\n\t\t\t\t<\/div>\n\t\t\t\t<div class=\"elementor-element elementor-element-255b143 elementor-button-info ob-has-background-overlay elementor-widget elementor-widget-button\" data-id=\"255b143\" data-element_type=\"widget\" data-e-type=\"widget\" data-settings=\"{&quot;_ob_butterbutton_use_it&quot;:&quot;no&quot;,&quot;_ob_perspektive_use&quot;:&quot;no&quot;,&quot;_ob_poopart_use&quot;:&quot;yes&quot;,&quot;_ob_shadough_use&quot;:&quot;no&quot;,&quot;_ob_allow_hoveranimator&quot;:&quot;no&quot;,&quot;_ob_widget_stalker_use&quot;:&quot;no&quot;}\" data-widget_type=\"button.default\">\n\t\t\t\t<div class=\"elementor-widget-container\">\n\t\t\t\t\t\t\t\t\t<div class=\"elementor-button-wrapper\">\n\t\t\t\t\t<a class=\"elementor-button elementor-button-link elementor-size-sm\" href=\"https:\/\/zestenutrition.ch\/index.php\/tarifs-et-conditions\/tarifs-la-lamal\/\">\n\t\t\t\t\t\t<span class=\"elementor-button-content-wrapper\">\n\t\t\t\t\t\t<span class=\"elementor-button-icon\">\n\t\t\t\t<i aria-hidden=\"true\" class=\"fas fa-angle-double-right\"><\/i>\t\t\t<\/span>\n\t\t\t\t\t\t\t\t\t<span class=\"elementor-button-text\">Tarifs<\/span>\n\t\t\t\t\t<\/span>\n\t\t\t\t\t<\/a>\n\t\t\t\t<\/div>\n\t\t\t\t\t\t\t\t<\/div>\n\t\t\t\t<\/div>\n\t\t\t\t<div class=\"elementor-element elementor-element-568cbbc ob-harakiri-inherit ob-has-background-overlay elementor-widget elementor-widget-heading\" data-id=\"568cbbc\" data-element_type=\"widget\" data-e-type=\"widget\" data-settings=\"{&quot;_ob_use_harakiri&quot;:&quot;yes&quot;,&quot;_ob_harakiri_writing_mode&quot;:&quot;inherit&quot;,&quot;_ob_harakiri_text_clip&quot;:&quot;none&quot;,&quot;_ob_perspektive_use&quot;:&quot;no&quot;,&quot;_ob_poopart_use&quot;:&quot;yes&quot;,&quot;_ob_shadough_use&quot;:&quot;no&quot;,&quot;_ob_allow_hoveranimator&quot;:&quot;no&quot;,&quot;_ob_widget_stalker_use&quot;:&quot;no&quot;}\" data-widget_type=\"heading.default\">\n\t\t\t\t<div class=\"elementor-widget-container\">\n\t\t\t\t\t<h5 class=\"elementor-heading-title elementor-size-default\">Autres conseils<\/h5>\t\t\t\t<\/div>\n\t\t\t\t<\/div>\n\t\t\t\t<div class=\"elementor-element elementor-element-78c1962 ob-harakiri-inherit ob-has-background-overlay elementor-widget elementor-widget-text-editor\" data-id=\"78c1962\" data-element_type=\"widget\" data-e-type=\"widget\" data-settings=\"{&quot;_ob_use_harakiri&quot;:&quot;yes&quot;,&quot;_ob_harakiri_writing_mode&quot;:&quot;inherit&quot;,&quot;_ob_postman_use&quot;:&quot;no&quot;,&quot;_ob_perspektive_use&quot;:&quot;no&quot;,&quot;_ob_poopart_use&quot;:&quot;yes&quot;,&quot;_ob_shadough_use&quot;:&quot;no&quot;,&quot;_ob_allow_hoveranimator&quot;:&quot;no&quot;,&quot;_ob_widget_stalker_use&quot;:&quot;no&quot;}\" data-widget_type=\"text-editor.default\">\n\t\t\t\t<div class=\"elementor-widget-container\">\n\t\t\t\t\t\t\t\t\t<p>Vous \u00eates en bonne sant\u00e9 et souhaitez des conseils de pr\u00e9vention?<\/p><p>Vous souhaitez adapter votre alimentation en raison d\u2019une affection qui n\u2019est pas list\u00e9e par la LAMal?<\/p><p>Vous avez des questions en lien avec une nouvelle situation de vie (grossesse, alimentation familiale, mise en m\u00e9nage, senior, \u2026) ou souhaitez mettre \u00e0 jour vos connaissances?<\/p><p>Prestations reconnues par <a href=\"https:\/\/asca.ch\/\" target=\"_blank\" rel=\"noopener\">ASCA<\/a> et <a href=\"https:\/\/www.rme.ch\/fr\/demander_le_label_de_qualite\" target=\"_blank\" rel=\"noopener\">RME<\/a> sous conditions, voir avec votre assurance compl\u00e9mentaire<\/p>\t\t\t\t\t\t\t\t<\/div>\n\t\t\t\t<\/div>\n\t\t\t\t<div class=\"elementor-element elementor-element-7e6a79c elementor-button-info ob-has-background-overlay elementor-widget elementor-widget-button\" data-id=\"7e6a79c\" data-element_type=\"widget\" data-e-type=\"widget\" data-settings=\"{&quot;_ob_butterbutton_use_it&quot;:&quot;no&quot;,&quot;_ob_perspektive_use&quot;:&quot;no&quot;,&quot;_ob_poopart_use&quot;:&quot;yes&quot;,&quot;_ob_shadough_use&quot;:&quot;no&quot;,&quot;_ob_allow_hoveranimator&quot;:&quot;no&quot;,&quot;_ob_widget_stalker_use&quot;:&quot;no&quot;}\" data-widget_type=\"button.default\">\n\t\t\t\t<div class=\"elementor-widget-container\">\n\t\t\t\t\t\t\t\t\t<div class=\"elementor-button-wrapper\">\n\t\t\t\t\t<a class=\"elementor-button elementor-button-link elementor-size-sm\" href=\"https:\/\/zestenutrition.ch\/index.php\/tarifs-et-conditions\/autres-tarifs\/\">\n\t\t\t\t\t\t<span class=\"elementor-button-content-wrapper\">\n\t\t\t\t\t\t<span class=\"elementor-button-icon\">\n\t\t\t\t<i aria-hidden=\"true\" class=\"fas fa-angle-double-right\"><\/i>\t\t\t<\/span>\n\t\t\t\t\t\t\t\t\t<span class=\"elementor-button-text\">Tarifs<\/span>\n\t\t\t\t\t<\/span>\n\t\t\t\t\t<\/a>\n\t\t\t\t<\/div>\n\t\t\t\t\t\t\t\t<\/div>\n\t\t\t\t<\/div>\n\t\t\t\t<div class=\"elementor-element elementor-element-287cc33 ob-harakiri-inherit ob-has-background-overlay elementor-widget elementor-widget-text-editor\" data-id=\"287cc33\" data-element_type=\"widget\" data-e-type=\"widget\" data-settings=\"{&quot;_ob_use_harakiri&quot;:&quot;yes&quot;,&quot;_ob_harakiri_writing_mode&quot;:&quot;inherit&quot;,&quot;_ob_postman_use&quot;:&quot;no&quot;,&quot;_ob_perspektive_use&quot;:&quot;no&quot;,&quot;_ob_poopart_use&quot;:&quot;yes&quot;,&quot;_ob_shadough_use&quot;:&quot;no&quot;,&quot;_ob_allow_hoveranimator&quot;:&quot;no&quot;,&quot;_ob_widget_stalker_use&quot;:&quot;no&quot;}\" data-widget_type=\"text-editor.default\">\n\t\t\t\t<div class=\"elementor-widget-container\">\n\t\t\t\t\t\t\t\t\t<p>Des questions concernant le remboursement\u00a0? je vous r\u00e9ponds volontiers <a href=\"https:\/\/zestenutrition.ch\/index.php\/contact\/\">(formulaire de contact)<\/a><\/p>\t\t\t\t\t\t\t\t<\/div>\n\t\t\t\t<\/div>\n\t\t\t\t<div class=\"elementor-element elementor-element-cdcc9d5 elementor-hidden-desktop elementor-hidden-tablet elementor-hidden-mobile ob-has-background-overlay elementor-widget elementor-widget-accordion\" data-id=\"cdcc9d5\" data-element_type=\"widget\" data-e-type=\"widget\" data-settings=\"{&quot;_ob_perspektive_use&quot;:&quot;no&quot;,&quot;_ob_poopart_use&quot;:&quot;yes&quot;,&quot;_ob_shadough_use&quot;:&quot;no&quot;,&quot;_ob_allow_hoveranimator&quot;:&quot;no&quot;,&quot;_ob_widget_stalker_use&quot;:&quot;no&quot;}\" data-widget_type=\"accordion.default\">\n\t\t\t\t<div class=\"elementor-widget-container\">\n\t\t\t\t\t\t\t<div class=\"elementor-accordion\">\n\t\t\t\t\t\t\t<div class=\"elementor-accordion-item\">\n\t\t\t\t\t<div id=\"elementor-tab-title-2151\" class=\"elementor-tab-title\" data-tab=\"1\" role=\"button\" aria-controls=\"elementor-tab-content-2151\" aria-expanded=\"false\">\n\t\t\t\t\t\t\t\t\t\t\t\t\t<span class=\"elementor-accordion-icon elementor-accordion-icon-left\" aria-hidden=\"true\">\n\t\t\t\t\t\t\t\t\t\t\t\t\t\t\t<span class=\"elementor-accordion-icon-closed\"><i class=\"far fa-caret-square-down\"><\/i><\/span>\n\t\t\t\t\t\t\t\t<span class=\"elementor-accordion-icon-opened\"><i class=\"far fa-caret-square-up\"><\/i><\/span>\n\t\t\t\t\t\t\t\t\t\t\t\t\t\t<\/span>\n\t\t\t\t\t\t\t\t\t\t\t\t<a class=\"elementor-accordion-title\" tabindex=\"0\">Prestations LAMal (adress\u00e9 par un m\u00e9decin)<\/a>\n\t\t\t\t\t<\/div>\n\t\t\t\t\t<div id=\"elementor-tab-content-2151\" class=\"elementor-tab-content elementor-clearfix\" data-tab=\"1\" role=\"region\" aria-labelledby=\"elementor-tab-title-2151\"><p>Vous \u00eates adress\u00e9s par un m\u00e9decin qui a r\u00e9alis\u00e9 une <a href=\"https:\/\/svde-asdd.ch\/fr\/formulaire-prescription-dietetique\/\" target=\"_blank\" rel=\"noopener\"><strong>prescription di\u00e9t\u00e9tique<\/strong><\/a> Vous pr\u00e9sentez<\/p><ul><li>un trouble du m\u00e9tabolisme<br \/><div class=\"tooltip\"><span style=\"color: #99cc00;\"><strong>(1)<\/strong><\/span> <span class=\"tooltiptext\"><strong>Exemple d\u2019affections sur lesquelles une perte de poids peut avoir une influence positive : <\/strong> Diab\u00e8te, pr\u00e9diab\u00e8te, intol\u00e9rance au glucose Hypercholest\u00e9rol\u00e9mie, hyperlipid\u00e9mie, hypertriglyc\u00e9rid\u00e9mie Intol\u00e9rance au lactose Hypo-hyperthyro\u00efdie Hyperuric\u00e9mie (goutte)<\/span><\/div><\/li><li>un surpoids* (IMC \u2265 25 kg\/m<sup>2<\/sup>) et une affection sur laquelle la perte de poids peut avoir une influence positive<br \/><div class=\"tooltip\"><span style=\"color: #99cc00;\"><strong>(2)<\/strong><\/span> <span class=\"tooltiptext\"><strong>Exemple d\u2019affections sur lesquelles une perte de poids peut avoir une influence positive :<\/strong> Hypertension Arthrose Apn\u00e9es du sommeil Asthme Varices<\/span><\/div><\/li><li>une ob\u00e9sit\u00e9* (IMC \u2265 30 kg\/m<sup>2<\/sup>)<\/li><li>une maladie cardio-vasculaire<\/li><li>une maladie du tube digestif<\/li><li>une maladie r\u00e9nale<\/li><li>une d\u00e9nutrition ou malnutrition*<\/li><li>une allergie ou intol\u00e9rance alimentaire<\/li><\/ul><p>* chez les enfants et adolescents, selon courbes de croissance<\/p><h5><strong> <a href=\"https:\/\/zestenutrition.ch\/index.php\/tarifs-et-conditions\/tarifs-la-lamal\/\">Tarifs<\/a><\/strong><\/h5><\/div>\n\t\t\t\t<\/div>\n\t\t\t\t\t\t\t<div class=\"elementor-accordion-item\">\n\t\t\t\t\t<div id=\"elementor-tab-title-2152\" class=\"elementor-tab-title\" data-tab=\"2\" role=\"button\" aria-controls=\"elementor-tab-content-2152\" aria-expanded=\"false\">\n\t\t\t\t\t\t\t\t\t\t\t\t\t<span class=\"elementor-accordion-icon elementor-accordion-icon-left\" aria-hidden=\"true\">\n\t\t\t\t\t\t\t\t\t\t\t\t\t\t\t<span class=\"elementor-accordion-icon-closed\"><i class=\"far fa-caret-square-down\"><\/i><\/span>\n\t\t\t\t\t\t\t\t<span class=\"elementor-accordion-icon-opened\"><i class=\"far fa-caret-square-up\"><\/i><\/span>\n\t\t\t\t\t\t\t\t\t\t\t\t\t\t<\/span>\n\t\t\t\t\t\t\t\t\t\t\t\t<a class=\"elementor-accordion-title\" tabindex=\"0\">Autres conseils<\/a>\n\t\t\t\t\t<\/div>\n\t\t\t\t\t<div id=\"elementor-tab-content-2152\" class=\"elementor-tab-content elementor-clearfix\" data-tab=\"2\" role=\"region\" aria-labelledby=\"elementor-tab-title-2152\"><p>Vous \u00eates en bonne sant\u00e9 et souhaitez des conseils de pr\u00e9vention?<\/p><p>Vous souhaitez adapter votre alimentation en raison d\u2019une affection qui n\u2019est pas list\u00e9e par la LAMal?<\/p><p>Vous avez des questions en lien avec une nouvelle situation de vie (grossesse, alimentation familiale, mise en m\u00e9nage, senior, \u2026) ou souhaitez mettre \u00e0 jour vos connaissances?<\/p><p>Prestations reconnues par <a href=\"https:\/\/asca.ch\/\" target=\"_blank\" rel=\"noopener\">ASCA<\/a> et <a href=\"https:\/\/www.rme.ch\/fr\/demander_le_label_de_qualite\" target=\"_blank\" rel=\"noopener\">RME<\/a> sous conditions, voir avec votre assurance compl\u00e9mentaire<\/p><h5><strong><br \/><a href=\"https:\/\/zestenutrition.ch\/index.php\/tarifs-et-conditions\/autres-tarifs\/\" data-wplink-edit=\"true\">Tarifs<\/a><\/strong><\/h5><\/div>\n\t\t\t\t<\/div>\n\t\t\t\t\t\t\t\t\t\t<script type=\"application\/ld+json\">{\"@context\":\"https:\\\/\\\/schema.org\",\"@type\":\"FAQPage\",\"mainEntity\":[{\"@type\":\"Question\",\"name\":\"Prestations LAMal (adress\\u00e9 par un m\\u00e9decin)\",\"acceptedAnswer\":{\"@type\":\"Answer\",\"text\":\"<p>Vous \\u00eates adress\\u00e9s par un m\\u00e9decin qui a r\\u00e9alis\\u00e9 une <a href=\\\"https:\\\/\\\/svde-asdd.ch\\\/fr\\\/formulaire-prescription-dietetique\\\/\\\" target=\\\"_blank\\\" rel=\\\"noopener\\\"><strong>prescription di\\u00e9t\\u00e9tique<\\\/strong><\\\/a> Vous pr\\u00e9sentez<\\\/p><ul><li>un trouble du m\\u00e9tabolisme<br \\\/><div class=\\\"tooltip\\\"><span style=\\\"color: #99cc00;\\\"><strong>(1)<\\\/strong><\\\/span> <span class=\\\"tooltiptext\\\"><strong>Exemple d\\u2019affections sur lesquelles une perte de poids peut avoir une influence positive : <\\\/strong> Diab\\u00e8te, pr\\u00e9diab\\u00e8te, intol\\u00e9rance au glucose Hypercholest\\u00e9rol\\u00e9mie, hyperlipid\\u00e9mie, hypertriglyc\\u00e9rid\\u00e9mie Intol\\u00e9rance au lactose Hypo-hyperthyro\\u00efdie Hyperuric\\u00e9mie (goutte)<\\\/span><\\\/div><\\\/li><li>un surpoids* (IMC \\u2265 25 kg\\\/m<sup>2<\\\/sup>) et une affection sur laquelle la perte de poids peut avoir une influence positive<br \\\/><div class=\\\"tooltip\\\"><span style=\\\"color: #99cc00;\\\"><strong>(2)<\\\/strong><\\\/span> <span class=\\\"tooltiptext\\\"><strong>Exemple d\\u2019affections sur lesquelles une perte de poids peut avoir une influence positive :<\\\/strong> Hypertension Arthrose Apn\\u00e9es du sommeil Asthme Varices<\\\/span><\\\/div><\\\/li><li>une ob\\u00e9sit\\u00e9* (IMC \\u2265 30 kg\\\/m<sup>2<\\\/sup>)<\\\/li><li>une maladie cardio-vasculaire<\\\/li><li>une maladie du tube digestif<\\\/li><li>une maladie r\\u00e9nale<\\\/li><li>une d\\u00e9nutrition ou malnutrition*<\\\/li><li>une allergie ou intol\\u00e9rance alimentaire<\\\/li><\\\/ul><p>* chez les enfants et adolescents, selon courbes de croissance<\\\/p><h5><strong> <a href=\\\"https:\\\/\\\/zestenutrition.ch\\\/index.php\\\/tarifs-et-conditions\\\/tarifs-la-lamal\\\/\\\">Tarifs<\\\/a><\\\/strong><\\\/h5>\"}},{\"@type\":\"Question\",\"name\":\"Autres conseils\",\"acceptedAnswer\":{\"@type\":\"Answer\",\"text\":\"<p>Vous \\u00eates en bonne sant\\u00e9 et souhaitez des conseils de pr\\u00e9vention?<\\\/p><p>Vous souhaitez adapter votre alimentation en raison d\\u2019une affection qui n\\u2019est pas list\\u00e9e par la LAMal?<\\\/p><p>Vous avez des questions en lien avec une nouvelle situation de vie (grossesse, alimentation familiale, mise en m\\u00e9nage, senior, \\u2026) ou souhaitez mettre \\u00e0 jour vos connaissances?<\\\/p><p>Prestations reconnues par <a href=\\\"https:\\\/\\\/asca.ch\\\/\\\" target=\\\"_blank\\\" rel=\\\"noopener\\\">ASCA<\\\/a> et <a href=\\\"https:\\\/\\\/www.rme.ch\\\/fr\\\/demander_le_label_de_qualite\\\" target=\\\"_blank\\\" rel=\\\"noopener\\\">RME<\\\/a> sous conditions, voir avec votre assurance compl\\u00e9mentaire<\\\/p><h5><strong><br \\\/><a href=\\\"https:\\\/\\\/zestenutrition.ch\\\/index.php\\\/tarifs-et-conditions\\\/autres-tarifs\\\/\\\" data-wplink-edit=\\\"true\\\">Tarifs<\\\/a><\\\/strong><\\\/h5>\"}}]}<\/script>\n\t\t\t\t\t<\/div>\n\t\t\t\t\t\t<\/div>\n\t\t\t\t<\/div>\n\t\t\t\t<div class=\"elementor-element elementor-element-9c62890 elementor-hidden-desktop elementor-hidden-tablet elementor-hidden-mobile ob-harakiri-inherit ob-has-background-overlay elementor-widget elementor-widget-text-editor\" data-id=\"9c62890\" data-element_type=\"widget\" data-e-type=\"widget\" data-settings=\"{&quot;_ob_use_harakiri&quot;:&quot;yes&quot;,&quot;_ob_harakiri_writing_mode&quot;:&quot;inherit&quot;,&quot;_ob_postman_use&quot;:&quot;no&quot;,&quot;_ob_perspektive_use&quot;:&quot;no&quot;,&quot;_ob_poopart_use&quot;:&quot;yes&quot;,&quot;_ob_shadough_use&quot;:&quot;no&quot;,&quot;_ob_allow_hoveranimator&quot;:&quot;no&quot;,&quot;_ob_widget_stalker_use&quot;:&quot;no&quot;}\" data-widget_type=\"text-editor.default\">\n\t\t\t\t<div class=\"elementor-widget-container\">\n\t\t\t\t\t\t\t\t\t<div><strong><em>Page en construction<br \/><\/em><\/strong><\/div><div><em>Les consultations di\u00e9t\u00e9tiques sont prise en charge par l&rsquo;assurance maladie de base sous certaines conditions.<\/em><\/div><div><em>New: reconnaissance ASCA et RME -&gt; de nombreuses compl\u00e9mentaire remboursent aussi mes prestations.<\/em><\/div><p>\u00a0<\/p><div><em>Plus d&rsquo;info par t\u00e9l\u00e9phone 026\/675 16 60 ou par mail <\/em><a href=\"mailto:zestenutrition@diets-hin.ch\" target=\"_blank\" rel=\"nofollow noopener noreferrer\"><em>zestenutrition@diets-hin.ch<\/em><\/a><\/div>\t\t\t\t\t\t\t\t<\/div>\n\t\t\t\t<\/div>\n\t\t\t\t<div class=\"elementor-element elementor-element-26c91fb elementor-hidden-desktop elementor-hidden-tablet elementor-hidden-mobile ob-harakiri-inherit ob-has-background-overlay elementor-widget elementor-widget-text-editor\" data-id=\"26c91fb\" data-element_type=\"widget\" data-e-type=\"widget\" data-settings=\"{&quot;_ob_use_harakiri&quot;:&quot;yes&quot;,&quot;_ob_harakiri_writing_mode&quot;:&quot;inherit&quot;,&quot;_ob_postman_use&quot;:&quot;no&quot;,&quot;_ob_perspektive_use&quot;:&quot;no&quot;,&quot;_ob_poopart_use&quot;:&quot;yes&quot;,&quot;_ob_shadough_use&quot;:&quot;no&quot;,&quot;_ob_allow_hoveranimator&quot;:&quot;no&quot;,&quot;_ob_widget_stalker_use&quot;:&quot;no&quot;}\" data-widget_type=\"text-editor.default\">\n\t\t\t\t<div class=\"elementor-widget-container\">\n\t\t\t\t\t\t\t\t\t<h6>PopUp<\/h6><ol><li>Exemples de troubles du m\u00e9tabolisme :<br \/>Diab\u00e8te, pr\u00e9diab\u00e8te, intol\u00e9rance au glucose<br \/>Hypercholest\u00e9rol\u00e9mie, hyperlipid\u00e9mie, hypertriglyc\u00e9rid\u00e9mie<br \/>Intol\u00e9rance au lactose<br \/>Hypo-hyperthyro\u00efdie<br \/>Hyperuric\u00e9mie (goutte)<br \/>&#8230;<\/li><li>Exemple d\u2019affections sur lesquelles une perte de poids peut avoir une influence positive :<br \/>Hypertension<br \/>Arthrose<br \/>Apn\u00e9es du sommeil<br \/>Asthme<br \/>Varices<br \/>&#8230;<\/li><li>5 mn = 12.50 CHF<\/li><\/ol>\t\t\t\t\t\t\t\t<\/div>\n\t\t\t\t<\/div>\n\t\t\t\t\t<\/div>\n\t\t<\/div>\n\t\t\t\t\t<\/div>\n\t\t<\/section>\n\t\t\t\t<section class=\"ob-is-breaking-bad elementor-section elementor-top-section elementor-element elementor-element-f6d1810 elementor-section-boxed elementor-section-height-default elementor-section-height-default\" data-id=\"f6d1810\" data-element_type=\"section\" data-e-type=\"section\" data-settings=\"{&quot;_ob_bbad_use_it&quot;:&quot;yes&quot;,&quot;_ob_bbad_sssic_use&quot;:&quot;no&quot;,&quot;_ob_glider_is_slider&quot;:&quot;no&quot;}\">\n\t\t\t\t\t\t<div class=\"elementor-container elementor-column-gap-default\">\n\t\t\t\t\t<div class=\"elementor-column elementor-col-100 elementor-top-column elementor-element elementor-element-daff63d\" data-id=\"daff63d\" data-element_type=\"column\" data-e-type=\"column\" data-settings=\"{&quot;_ob_bbad_is_stalker&quot;:&quot;no&quot;,&quot;_ob_teleporter_use&quot;:false,&quot;_ob_column_hoveranimator&quot;:&quot;no&quot;,&quot;_ob_column_has_pseudo&quot;:&quot;no&quot;}\">\n\t\t\t<div class=\"elementor-widget-wrap elementor-element-populated\">\n\t\t\t\t\t\t<div class=\"elementor-element elementor-element-10ae840 ob-has-background-overlay elementor-widget elementor-widget-html\" data-id=\"10ae840\" data-element_type=\"widget\" data-e-type=\"widget\" data-settings=\"{&quot;_ob_perspektive_use&quot;:&quot;no&quot;,&quot;_ob_poopart_use&quot;:&quot;yes&quot;,&quot;_ob_shadough_use&quot;:&quot;no&quot;,&quot;_ob_allow_hoveranimator&quot;:&quot;no&quot;,&quot;_ob_widget_stalker_use&quot;:&quot;no&quot;}\" data-widget_type=\"html.default\">\n\t\t\t\t<div class=\"elementor-widget-container\">\n\t\t\t\t\t<!DOCTYPE html>\n<html>\n<style>\n.tooltip {\n  position: relative;\n  display: inline-block;\n  border-bottom: 1px dotted black;\n}\n\n.tooltip .tooltiptext {\n  visibility: hidden;\n  width: 360px;\n  background-color: #9bc44c;\n  color: #fff;\n  text-align: center;\n  border-radius: 6px;\n  padding: 10px 10px;\n\n  \/* Position the tooltip *\/\n  position: absolute;\n  z-index: 1;\n}\n\n.tooltip:hover .tooltiptext {\n  visibility: visible;\n}\n<\/style>\n\n<\/html>\t\t\t\t<\/div>\n\t\t\t\t<\/div>\n\t\t\t\t\t<\/div>\n\t\t<\/div>\n\t\t\t\t\t<\/div>\n\t\t<\/section>\n\t\t\t\t<\/div>\n\t\t","protected":false},"excerpt":{"rendered":"<p>Prestations LAMal (adress\u00e9 par un m\u00e9decin) Vous \u00eates adress\u00e9s par un m\u00e9decin qui a r\u00e9alis\u00e9 une prescription di\u00e9t\u00e9tique Vous pr\u00e9sentez un trouble du m\u00e9tabolisme (1) Exemple d\u2019affections sur lesquelles une perte de poids peut avoir une influence positive : Diab\u00e8te, pr\u00e9diab\u00e8te, intol\u00e9rance au glucose Hypercholest\u00e9rol\u00e9mie, hyperlipid\u00e9mie, hypertriglyc\u00e9rid\u00e9mie Intol\u00e9rance au lactose Hypo-hyperthyro\u00efdie Hyperuric\u00e9mie (goutte) un surpoids* [&hellip;]<\/p>\n","protected":false},"author":1,"featured_media":1552,"parent":0,"menu_order":2,"comment_status":"closed","ping_status":"closed","template":"","meta":{"_acf_changed":false,"footnotes":""},"folder":[],"class_list":["post-485","page","type-page","status-publish","has-post-thumbnail","hentry"],"acf":[],"_links":{"self":[{"href":"https:\/\/zestenutrition.ch\/index.php\/wp-json\/wp\/v2\/pages\/485","targetHints":{"allow":["GET"]}}],"collection":[{"href":"https:\/\/zestenutrition.ch\/index.php\/wp-json\/wp\/v2\/pages"}],"about":[{"href":"https:\/\/zestenutrition.ch\/index.php\/wp-json\/wp\/v2\/types\/page"}],"author":[{"embeddable":true,"href":"https:\/\/zestenutrition.ch\/index.php\/wp-json\/wp\/v2\/users\/1"}],"replies":[{"embeddable":true,"href":"https:\/\/zestenutrition.ch\/index.php\/wp-json\/wp\/v2\/comments?post=485"}],"version-history":[{"count":106,"href":"https:\/\/zestenutrition.ch\/index.php\/wp-json\/wp\/v2\/pages\/485\/revisions"}],"predecessor-version":[{"id":1963,"href":"https:\/\/zestenutrition.ch\/index.php\/wp-json\/wp\/v2\/pages\/485\/revisions\/1963"}],"wp:featuredmedia":[{"embeddable":true,"href":"https:\/\/zestenutrition.ch\/index.php\/wp-json\/wp\/v2\/media\/1552"}],"wp:attachment":[{"href":"https:\/\/zestenutrition.ch\/index.php\/wp-json\/wp\/v2\/media?parent=485"}],"wp:term":[{"taxonomy":"folder","embeddable":true,"href":"https:\/\/zestenutrition.ch\/index.php\/wp-json\/wp\/v2\/folder?post=485"}],"curies":[{"name":"wp","href":"https:\/\/api.w.org\/{rel}","templated":true}]}}