{"id":449,"date":"2020-12-09T19:12:07","date_gmt":"2020-12-09T19:12:07","guid":{"rendered":"https:\/\/zeste.pe-art.ch\/?page_id=449"},"modified":"2021-04-30T07:45:49","modified_gmt":"2021-04-30T07:45:49","slug":"surpoids-et-obesite","status":"publish","type":"page","link":"https:\/\/zestenutrition.ch\/index.php\/pour-qui\/surpoids-et-obesite\/","title":{"rendered":"Surpoids et ob\u00e9sit\u00e9"},"content":{"rendered":"\t\t<div data-elementor-type=\"wp-page\" data-elementor-id=\"449\" class=\"elementor elementor-449\" data-elementor-post-type=\"page\">\n\t\t\t\t\t\t<section class=\"ob-is-breaking-bad elementor-section elementor-top-section elementor-element elementor-element-68e5860 elementor-section-boxed elementor-section-height-default elementor-section-height-default\" data-id=\"68e5860\" data-element_type=\"section\" data-e-type=\"section\" data-settings=\"{&quot;animation&quot;:&quot;none&quot;,&quot;_ob_bbad_use_it&quot;:&quot;yes&quot;,&quot;_ob_bbad_sssic_use&quot;:&quot;no&quot;,&quot;_ob_glider_is_slider&quot;:&quot;no&quot;}\">\n\t\t\t\t\t\t<div class=\"elementor-container elementor-column-gap-default\">\n\t\t\t\t\t<div class=\"elementor-column elementor-col-100 elementor-top-column elementor-element elementor-element-6fca1365\" data-id=\"6fca1365\" data-element_type=\"column\" data-e-type=\"column\" data-settings=\"{&quot;_ob_bbad_is_stalker&quot;:&quot;no&quot;,&quot;_ob_teleporter_use&quot;:false,&quot;_ob_column_hoveranimator&quot;:&quot;no&quot;,&quot;_ob_column_has_pseudo&quot;:&quot;no&quot;}\">\n\t\t\t<div class=\"elementor-widget-wrap elementor-element-populated\">\n\t\t\t\t\t\t<div class=\"elementor-element elementor-element-26a83f40 ob-harakiri-inherit ob-has-background-overlay elementor-widget elementor-widget-text-editor\" data-id=\"26a83f40\" data-element_type=\"widget\" data-e-type=\"widget\" data-settings=\"{&quot;_ob_use_harakiri&quot;:&quot;yes&quot;,&quot;_ob_harakiri_writing_mode&quot;:&quot;inherit&quot;,&quot;_ob_postman_use&quot;:&quot;no&quot;,&quot;_ob_perspektive_use&quot;:&quot;no&quot;,&quot;_ob_poopart_use&quot;:&quot;yes&quot;,&quot;_ob_shadough_use&quot;:&quot;no&quot;,&quot;_ob_allow_hoveranimator&quot;:&quot;no&quot;,&quot;_ob_widget_stalker_use&quot;:&quot;no&quot;}\" data-widget_type=\"text-editor.default\">\n\t\t\t\t<div class=\"elementor-widget-container\">\n\t\t\t\t\t\t\t\t\t<p>Apr\u00e8s analyse des habitudes et du comportement alimentaire, des pistes d\u2019am\u00e9lioration sont propos\u00e9es pour atteindre progressivement les objectifs fix\u00e9s ensemble. Le plaisir de manger et l\u2019\u00e9coute des sensations forment le fil conducteur de la prise en charge nutritionnelle et permettent d\u2019induire des changements qui s\u2019inscrivent dans la dur\u00e9e.<\/p><p>Lorsque le probl\u00e8me de poids concerne un enfant ou un adolescent les conseils visent \u00e0 am\u00e9liorer ses habitudes ou celles de la famille et s\u2019approcher ainsi des recommandations pour une alimentation \u00e9quilibr\u00e9e et un comportement alimentaire optimal. Les parents sont toujours ressource pour aider \u00e0 la mise en pratique des conseils adapt\u00e9s \u00e0 l\u2019\u00e2ge et au degr\u00e9 d\u2019ind\u00e9pendance. Jeux et exp\u00e9riences rythment les consultations.<\/p><p>Ces situations peuvent \u00eatre prise en charge par l\u2019assurance maladie de base, voir la page <strong><a href=\"https:\/\/zestenutrition.ch\/index.php\/tarifs-et-conditions\/\">tarifs et conditions<\/a><\/strong>.<\/p>\t\t\t\t\t\t\t\t<\/div>\n\t\t\t\t<\/div>\n\t\t\t\t\t<\/div>\n\t\t<\/div>\n\t\t\t\t\t<\/div>\n\t\t<\/section>\n\t\t\t\t<\/div>\n\t\t","protected":false},"excerpt":{"rendered":"<p>Apr\u00e8s analyse des habitudes et du comportement alimentaire, des pistes d\u2019am\u00e9lioration sont propos\u00e9es pour atteindre progressivement les objectifs fix\u00e9s ensemble. Le plaisir de manger et l\u2019\u00e9coute des sensations forment le fil conducteur de la prise en charge nutritionnelle et permettent d\u2019induire des changements qui s\u2019inscrivent dans la dur\u00e9e. Lorsque le probl\u00e8me de poids concerne un [&hellip;]<\/p>\n","protected":false},"author":1,"featured_media":1545,"parent":28,"menu_order":1,"comment_status":"closed","ping_status":"closed","template":"","meta":{"_acf_changed":false,"footnotes":""},"folder":[],"class_list":["post-449","page","type-page","status-publish","has-post-thumbnail","hentry"],"acf":[],"_links":{"self":[{"href":"https:\/\/zestenutrition.ch\/index.php\/wp-json\/wp\/v2\/pages\/449","targetHints":{"allow":["GET"]}}],"collection":[{"href":"https:\/\/zestenutrition.ch\/index.php\/wp-json\/wp\/v2\/pages"}],"about":[{"href":"https:\/\/zestenutrition.ch\/index.php\/wp-json\/wp\/v2\/types\/page"}],"author":[{"embeddable":true,"href":"https:\/\/zestenutrition.ch\/index.php\/wp-json\/wp\/v2\/users\/1"}],"replies":[{"embeddable":true,"href":"https:\/\/zestenutrition.ch\/index.php\/wp-json\/wp\/v2\/comments?post=449"}],"version-history":[{"count":49,"href":"https:\/\/zestenutrition.ch\/index.php\/wp-json\/wp\/v2\/pages\/449\/revisions"}],"predecessor-version":[{"id":1558,"href":"https:\/\/zestenutrition.ch\/index.php\/wp-json\/wp\/v2\/pages\/449\/revisions\/1558"}],"up":[{"embeddable":true,"href":"https:\/\/zestenutrition.ch\/index.php\/wp-json\/wp\/v2\/pages\/28"}],"wp:featuredmedia":[{"embeddable":true,"href":"https:\/\/zestenutrition.ch\/index.php\/wp-json\/wp\/v2\/media\/1545"}],"wp:attachment":[{"href":"https:\/\/zestenutrition.ch\/index.php\/wp-json\/wp\/v2\/media?parent=449"}],"wp:term":[{"taxonomy":"folder","embeddable":true,"href":"https:\/\/zestenutrition.ch\/index.php\/wp-json\/wp\/v2\/folder?post=449"}],"curies":[{"name":"wp","href":"https:\/\/api.w.org\/{rel}","templated":true}]}}