{"id":1813,"date":"2024-03-27T09:13:37","date_gmt":"2024-03-27T09:13:37","guid":{"rendered":"https:\/\/zestenutrition.ch\/?page_id=1813"},"modified":"2024-03-27T10:08:36","modified_gmt":"2024-03-27T10:08:36","slug":"impressum","status":"publish","type":"page","link":"https:\/\/zestenutrition.ch\/index.php\/impressum\/","title":{"rendered":"Impressum"},"content":{"rendered":"\t\t<div data-elementor-type=\"wp-page\" data-elementor-id=\"1813\" class=\"elementor elementor-1813\" data-elementor-post-type=\"page\">\n\t\t\t\t\t\t<section class=\"ob-is-breaking-bad elementor-section elementor-top-section elementor-element elementor-element-13e3d17 elementor-section-full_width elementor-section-height-default elementor-section-height-default\" data-id=\"13e3d17\" data-element_type=\"section\" data-e-type=\"section\" data-settings=\"{&quot;_ob_bbad_use_it&quot;:&quot;yes&quot;,&quot;_ob_bbad_sssic_use&quot;:&quot;no&quot;,&quot;_ob_glider_is_slider&quot;:&quot;no&quot;}\">\n\t\t\t\t\t\t<div class=\"elementor-container elementor-column-gap-default\">\n\t\t\t\t\t<div class=\"elementor-column elementor-col-100 elementor-top-column elementor-element elementor-element-ada7f6e\" data-id=\"ada7f6e\" data-element_type=\"column\" data-e-type=\"column\" data-settings=\"{&quot;_ob_bbad_is_stalker&quot;:&quot;no&quot;,&quot;_ob_teleporter_use&quot;:false,&quot;_ob_column_hoveranimator&quot;:&quot;no&quot;,&quot;_ob_column_has_pseudo&quot;:&quot;no&quot;}\">\n\t\t\t<div class=\"elementor-widget-wrap elementor-element-populated\">\n\t\t\t\t\t\t<div class=\"elementor-element elementor-element-bacface ob-has-background-overlay elementor-widget elementor-widget-accordion\" data-id=\"bacface\" data-element_type=\"widget\" data-e-type=\"widget\" data-settings=\"{&quot;_ob_perspektive_use&quot;:&quot;no&quot;,&quot;_ob_poopart_use&quot;:&quot;yes&quot;,&quot;_ob_shadough_use&quot;:&quot;no&quot;,&quot;_ob_allow_hoveranimator&quot;:&quot;no&quot;,&quot;_ob_widget_stalker_use&quot;:&quot;no&quot;}\" data-widget_type=\"accordion.default\">\n\t\t\t\t<div class=\"elementor-widget-container\">\n\t\t\t\t\t\t\t<div class=\"elementor-accordion\">\n\t\t\t\t\t\t\t<div class=\"elementor-accordion-item\">\n\t\t\t\t\t<div id=\"elementor-tab-title-1951\" class=\"elementor-tab-title\" data-tab=\"1\" role=\"button\" aria-controls=\"elementor-tab-content-1951\" aria-expanded=\"false\">\n\t\t\t\t\t\t\t\t\t\t\t\t\t<span class=\"elementor-accordion-icon elementor-accordion-icon-left\" aria-hidden=\"true\">\n\t\t\t\t\t\t\t\t\t\t\t\t\t\t\t<span class=\"elementor-accordion-icon-closed\"><i class=\"far fa-caret-square-down\"><\/i><\/span>\n\t\t\t\t\t\t\t\t<span class=\"elementor-accordion-icon-opened\"><i class=\"far fa-caret-square-up\"><\/i><\/span>\n\t\t\t\t\t\t\t\t\t\t\t\t\t\t<\/span>\n\t\t\t\t\t\t\t\t\t\t\t\t<a class=\"elementor-accordion-title\" tabindex=\"0\">D\u00e9claration de protection des donn\u00e9es pour site web<\/a>\n\t\t\t\t\t<\/div>\n\t\t\t\t\t<div id=\"elementor-tab-content-1951\" class=\"elementor-tab-content elementor-clearfix\" data-tab=\"1\" role=\"region\" aria-labelledby=\"elementor-tab-title-1951\"><p>Bienvenue sur le site web de notre cabinet di\u00e9t\u00e9tique. La d\u00e9claration de protection des donn\u00e9es suivante s\u2019applique \u00e0 l\u2019utilisation de notre site web et aux services offerts sur celui-ci, sauf accord contraire dans un contrat sp\u00e9cifique. La pr\u00e9sente d\u00e9claration de protection des donn\u00e9es vous informe sur la collecte de vos donn\u00e9es \u00e0 caract\u00e8re personnel pendant votre visite sur ce site web. En utilisant ce site web, vous acceptez la pr\u00e9sente d\u00e9claration de protection des donn\u00e9es.<\/p><p>Notre cabinet di\u00e9t\u00e9tique attache une grande importance \u00e0 la protection des donn\u00e9es. En raison des obligations l\u00e9gales auxquelles il est soumis (secret m\u00e9dical au sens de l\u2019art. 321 CP, loi sur la protection des donn\u00e9es et autres actes normatifs de droit f\u00e9d\u00e9ral et de droit cantonal), la protection juridique existante est d\u00e9j\u00e0 \u00e9lev\u00e9e. La collecte et le traitement de vos donn\u00e9es \u00e0 caract\u00e8re personnel s\u2019effectuent conform\u00e9ment aux lois et aux exigences en vigueur en mati\u00e8re de protection des donn\u00e9es.<\/p><p>\u00a0<\/p><p><strong>En principe, notre cabinet di\u00e9t\u00e9tique ne fournit ses services qu\u2019en Suisse et ne <\/strong><strong>s\u2019adresse qu\u2019\u00e0 des personnes domicili\u00e9es en Suisse.<\/strong><\/p><p><strong>Saisie de donn\u00e9es et d\u2019informations g\u00e9n\u00e9rales<\/strong><\/p><p>Chaque fois qu\u2019une personne concern\u00e9e ou un syst\u00e8me automatis\u00e9 visite notre site web, une s\u00e9rie de donn\u00e9es et d\u2019informations g\u00e9n\u00e9rales sont saisies. Ces donn\u00e9es et informations g\u00e9n\u00e9rales sont enregistr\u00e9es dans les fichiers journaux du serveur. Peuvent \u00eatre saisis (1) les types et versions des navigateurs utilis\u00e9s, (2) le syst\u00e8me d\u2019exploitation utilis\u00e9 par le syst\u00e8me acc\u00e9dant au site, (3) le site web \u00e0 partir duquel un syst\u00e8me acc\u00e8de \u00e0 notre site web (appel\u00e9 \u00absite r\u00e9f\u00e9rent\u00bb), (4) les sous-sites web qui sont activ\u00e9s sur notre site web par un syst\u00e8me acc\u00e9dant, (5) la date et l\u2019heure des acc\u00e8s \u00e0 notre site web, (6) une adresse de protocole Internet (adresse IP), (7) le fournisseur de services Internet du syst\u00e8me acc\u00e9dant et (8) les autres donn\u00e9es et informations similaires qui servent \u00e0 nous prot\u00e9ger en cas d\u2019attaque contre notre infrastructure informatique.<\/p><p>Ces donn\u00e9es et informations sont n\u00e9cessaires pour (1) afficher correctement les contenus de notre site web, (2) optimiser les contenus de notre site web, (3) garantir le fonctionnement en continu de notre infrastructure informatique et de la technique de notre site web et, (4) en cas de cyberattaque, fournir aux autorit\u00e9s de poursuite p\u00e9nale les informations n\u00e9cessaires. Notre cabinet di\u00e9t\u00e9tique peut par ailleurs exploiter ces donn\u00e9es et informations d\u2019une part \u00e0 des fins statistiques et d\u2019autre part dans l\u2019objectif de renforcer la protection et la s\u00e9curit\u00e9 des donn\u00e9es de son infrastructure informatique. Les donn\u00e9es et informations ainsi collect\u00e9es ne seront trait\u00e9es qu\u2019aux fins qui viennent d\u2019\u00eatre indiqu\u00e9s et seront stock\u00e9es s\u00e9par\u00e9ment de toutes les donn\u00e9es \u00e0 caract\u00e8re personnel fournies par une personne concern\u00e9e.<\/p><p>\u00a0<\/p><p><strong>Liens vers d\u2019autres sites web<\/strong><\/p><p>Ce site web peut contenir des liens vers des sites web d\u2019autres fournisseurs. Notre cabinet di\u00e9t\u00e9tique n\u2019a aucune influence sur ces sites web, leurs contenus, leurs offres, leur disponibilit\u00e9 ainsi que sur les d\u00e9clarations et les dispositions relatives \u00e0 la protection des donn\u00e9es qui leur sont applicables. Il d\u00e9cline par cons\u00e9quent toute responsabilit\u00e9 en relation avec ces sites web.<\/p><p>\u00a0<\/p><p><strong>Cookies et autres offres de services<\/strong><\/p><p>Notre cabinet di\u00e9t\u00e9tique peut utiliser des cookies sur son site web pour vous fournir le meilleur service possible et des informations sp\u00e9cifiques. Les cookies contiennent ce qu\u2019on appelle un identifiant de cookie, qui est un identifiant unique dudit cookie servant \u00e0 attribuer les sites web et les serveurs \u00e0 un navigateur Internet concret. Un navigateur Internet particulier peut \u00eatre reconnu et identifi\u00e9 gr\u00e2ce \u00e0 cet identifiant de cookie unique. Le but de cette reconnaissance est d\u2019offrir aux utilisateurs de ce site web une exp\u00e9rience de visite optimale et d\u2019am\u00e9liorer la conception du site web.<\/p><p>De telles informations au sujet de l\u2019utilisation du pr\u00e9sent site web (y compris au sujet de votre adresse IP) peuvent, p. ex. dans le cas de Google Analytics, \u00eatre transmises \u00e0 des serveurs \u00e0 l\u2019\u00e9tranger et y \u00eatre stock\u00e9es. Google Analytics utilise ces informations p. ex. pour \u00e9tablir des rapports sur les activit\u00e9s des visiteurs sur le site web. Google peut \u00e9galement, le cas \u00e9ch\u00e9ant, transmettre ces donn\u00e9es \u00e0 des tiers dans la mesure o\u00f9 cela est prescrit par la loi ou que des tiers sont mandat\u00e9s par Google pour traiter ces donn\u00e9es. Google de m\u00eame que les autres fournisseurs de cookies disposent de leurs propres d\u00e9clarations et dispositions relatives \u00e0 la protection des donn\u00e9es. L\u2019utilisation et le traitement des donn\u00e9es enregistr\u00e9es par le biais de cookies par des entreprises tierces telles que Google ne rel\u00e8vent pas de la sph\u00e8re de responsabilit\u00e9 de notre cabinet di\u00e9t\u00e9tique. Il d\u00e9cline par cons\u00e9quent toute responsabilit\u00e9 \u00e0 cet \u00e9gard.<\/p><p>Notre cabinet di\u00e9t\u00e9tique peut utiliser d\u2019autres offres de services de fournisseurs tiers afin d\u2019int\u00e9grer \u00e0 notre site web leurs contenus et services comme p. ex. des vid\u00e9os ou des articles. Une telle int\u00e9gration implique toujours que ces fournisseurs tiers puissent saisir et traiter l\u2019adresse IP et d\u2019autres informations concernant les visiteurs de ce site web.<\/p><p>Dans les param\u00e8tres de votre navigateur, vous pouvez bloquer l\u2019utilisation des cookies, demander de recevoir un avertissement avant l\u2019implantation d\u2019un cookie ou supprimer les cookies par la suite. Veuillez prendre note qu\u2019en cas de blocage ou de suppression ult\u00e9rieure de cookies, le pr\u00e9sent site web risque, le cas \u00e9ch\u00e9ant, de ne plus pouvoir \u00eatre utilis\u00e9 dans son int\u00e9gralit\u00e9 ou que son affichage puisse s\u2019en trouver affect\u00e9.<\/p><p>\u00a0<\/p><p><strong>M\u00e9dias sociaux \/ r\u00e9seaux sociaux<\/strong><\/p><p>Sur ce site web, il est possible de placer des boutons (\u00abplugins sociaux\u00bb) qui \u00e9tablissent un contact avec les serveurs de m\u00e9dias sociaux (Facebook, Twitter, Instagram, etc.). En cliquant sur l\u2019un de ces boutons, vous donnez votre consentement \u00e0 ce que certaines donn\u00e9es comme votre adresse IP, la visite du site web, etc., soient transmises \u00e0 l\u2019exploitant du m\u00e9dia social en question. Cette transmission de donn\u00e9es a lieu sans l\u2019intervention de notre cabinet di\u00e9t\u00e9tique. Les d\u00e9clarations et dispositions relatives \u00e0 la protection des donn\u00e9es applicables sont celles du r\u00e9seau social concern\u00e9.<\/p><p>\u00a0<\/p><p><strong>Newsletter<\/strong><\/p><p>Par le biais de notre site web, vous avez la possibilit\u00e9 de vous abonner \u00e0 notre newsletter. Les donn\u00e9es que vous mettez \u00e0 cette occasion \u00e0 la disposition de notre cabinet di\u00e9t\u00e9tique, en particulier votre adresse e-mail et votre nom, peuvent \u00eatre utilis\u00e9es pour l\u2019envoi r\u00e9gulier de notre newsletter. Cet envoi se fait soit directement par notre cabinet di\u00e9t\u00e9tique, soit pari l\u2019interm\u00e9diaire d\u2019une entreprise sp\u00e9cialis\u00e9e en la mati\u00e8re. Vous pouvez vous d\u00e9sabonner en tout temps de la newsletter (par le biais du lien ins\u00e9r\u00e9 dans la newsletter ou en allant sur le site web). Vous pouvez \u00e9galement nous le faire savoir par e-mail ou en utilisant les coordonn\u00e9es qui figurent dans les mentions l\u00e9gales. Les newsletters de notre cabinet di\u00e9t\u00e9tique peuvent contenir ce qu\u2019on appelle des pixels de comptage. Un pixel de comptage est un graphique miniature qui est envoy\u00e9 en format HTML pour permettre d\u2019enregistrer et d\u2019analyser un fichier journal. Gr\u00e2ce au pixel de comptage int\u00e9gr\u00e9 dans l\u2019e-mail, notre cabinet di\u00e9t\u00e9tique peut savoir si et quand un e-mail a \u00e9t\u00e9 ouvert par une personne concern\u00e9e et quels sont parmi les liens ins\u00e9r\u00e9s dans l\u2019e-mail ceux sur lesquels la personne concern\u00e9e a cliqu\u00e9. Les donn\u00e9es \u00e0 caract\u00e8re personnel ainsi collect\u00e9es sont enregistr\u00e9es et analys\u00e9es afin d\u2019optimiser l\u2019envoi des newsletters et de mieux adapter le contenu aux int\u00e9r\u00eats de la personne concern\u00e9e. Ces donn\u00e9es \u00e0 caract\u00e8re personnel restent dans notre cabinet di\u00e9t\u00e9tique et dans l\u2019entreprise charg\u00e9e le cas \u00e9ch\u00e9ant de l\u2019envoi des newsletters.<\/p><p>\u00a0<\/p><p><strong>Possibilit\u00e9s de communication<\/strong><\/p><p>En raison de prescriptions l\u00e9gales (\u00abmentions l\u00e9gales obligatoires\u00bb), notre site web contient certaines informations n\u00e9cessaires pour contacter rapidement notre cabinet di\u00e9t\u00e9tique par voie \u00e9lectronique et communiquer directement avec lui, ce qui inclut \u00e9galement une adresse e-mail g\u00e9n\u00e9rale. Si vous prenez contact avec nous par le biais des possibilit\u00e9s de communication propos\u00e9es sur notre site web, vos coordonn\u00e9es seront utilis\u00e9es exclusivement pour traiter votre demande et y r\u00e9pondre.<\/p><p>\u00a0<\/p><p><strong>Veuillez prendre note des points suivants:<\/strong><\/p><p>L\u2019acc\u00e8s aux informations et aux services sur ce site web se fait via Internet, qui est un r\u00e9seau ouvert et accessible \u00e0 tout un chacun. La transmission de vos donn\u00e9es par le biais de ce site web ou de moyens de communication tels que SMS, e-mails ou WhatsApp est consid\u00e9r\u00e9e en principe comme peu s\u00fbre. Notre cabinet di\u00e9t\u00e9tique d\u00e9cline par cons\u00e9quent toute responsabilit\u00e9 \u00e0 cet \u00e9gard.<\/p><p>\u00a0<\/p><p><strong>Vos droits<\/strong><\/p><p>Vous avez dans le cadre de la loi sur la protection des donn\u00e9es diff\u00e9rents droits concernant vos donn\u00e9es. Vous avez en particulier un droit d\u2019acc\u00e8s, un droit de rectification et un droit \u00e0 l\u2019effacement (dans la mesure o\u00f9 les donn\u00e9es en cause ne doivent plus \u00eatre conserv\u00e9es pour des raisons juridiques). L\u2019exercice de ces droits pr\u00e9suppose en r\u00e8gle g\u00e9n\u00e9rale que vous \u00e9tablissiez clairement votre identit\u00e9 (p. ex. au moyen de la copie d\u2019une pi\u00e8ce d\u2019identit\u00e9, lorsqu\u2019\u00e0 d\u00e9faut, votre identit\u00e9 n\u2019est pas claire ou ne peut pas \u00eatre v\u00e9rifi\u00e9e). Pour faire valoir vos droits, nous vous prions de vous mettre en contact avec notre cabinet di\u00e9t\u00e9tique. Nous sommes \u00e0 votre enti\u00e8re disposition pour vous fournir de plus amples informations \u00e0 ce sujet.<\/p><p>\u00a0<\/p><p><strong>Modifications<\/strong><\/p><p>Notre cabinet di\u00e9t\u00e9tique peut adapter la pr\u00e9sente d\u00e9claration de protection des donn\u00e9es en tout temps et sans pr\u00e9avis. La version en vigueur est celle qui est actuellement publi\u00e9e sur notre site web. En cas d\u2019actualisation de notre d\u00e9claration de protection des donn\u00e9es, si celle-ci fait partie d\u2019un contrat pass\u00e9 avec vous, nous vous informerons de sa modification par e-mail ou d\u2019une autre mani\u00e8re appropri\u00e9e.<\/p><p>Auteurs: Health Info Net AG, Dr. iur. Sascha D. Patak, avocat, Goetz &amp; Patak Rechtsanw\u00e4lte, juin 2018<\/p><p>La pr\u00e9sente d\u00e9claration de protection des donn\u00e9es a \u00e9t\u00e9 r\u00e9dig\u00e9e par Health Info Net AG (HIN) et la F\u00e9d\u00e9ration des m\u00e9decins suisses FMH en collaboration avec le Dr S. Patak et Goetz &amp; Patak Rechtsanw\u00e4lte, \u00e0 K\u00fcsnacht ZH. Elle est mise \u00e0 la libre disposition des membres de la FMH ainsi que des participants HIN (sans reconnaissance d\u2019une obligation juridique). La transmission \u00e0 des tiers de tout ou partie de la pr\u00e9sente d\u00e9claration n&rsquo;est pas autoris\u00e9e sans le consentement expr\u00e8s de ses auteurs.<\/p><\/div>\n\t\t\t\t<\/div>\n\t\t\t\t\t\t\t<div class=\"elementor-accordion-item\">\n\t\t\t\t\t<div id=\"elementor-tab-title-1952\" class=\"elementor-tab-title\" data-tab=\"2\" role=\"button\" aria-controls=\"elementor-tab-content-1952\" aria-expanded=\"false\">\n\t\t\t\t\t\t\t\t\t\t\t\t\t<span class=\"elementor-accordion-icon elementor-accordion-icon-left\" aria-hidden=\"true\">\n\t\t\t\t\t\t\t\t\t\t\t\t\t\t\t<span class=\"elementor-accordion-icon-closed\"><i class=\"far fa-caret-square-down\"><\/i><\/span>\n\t\t\t\t\t\t\t\t<span class=\"elementor-accordion-icon-opened\"><i class=\"far fa-caret-square-up\"><\/i><\/span>\n\t\t\t\t\t\t\t\t\t\t\t\t\t\t<\/span>\n\t\t\t\t\t\t\t\t\t\t\t\t<a class=\"elementor-accordion-title\" tabindex=\"0\">D\u00e9claration de protection des donn\u00e9es de Zeste nutrition sur les donn\u00e9es personnelles<\/a>\n\t\t\t\t\t<\/div>\n\t\t\t\t\t<div id=\"elementor-tab-content-1952\" class=\"elementor-tab-content elementor-clearfix\" data-tab=\"2\" role=\"region\" aria-labelledby=\"elementor-tab-title-1952\"><ol><li><strong>But<br \/><\/strong>La pr\u00e9sente d\u00e9claration de protection des donn\u00e9es d\u00e9crit l\u2019ampleur, la finalit\u00e9 et le mode des traitements de donn\u00e9es personnelles par Zeste nutrition, Route du Pr\u00e9-Vert 5b, 1580 Avenches.<\/li><\/ol><ol start=\"2\"><li><strong>Traitement de donn\u00e9es personnelles<br \/><\/strong>Nous traitons les cat\u00e9gories suivantes de donn\u00e9es personnelles vous concernant: pr\u00e9nom, nom, adresse, adresse e-mail, num\u00e9ro de t\u00e9l\u00e9phone, donn\u00e9es concernant la sant\u00e9, etc. Nous traitons vos donn\u00e9es personnelles exclusivement aux fins <em>de <\/em>l\u2019ex\u00e9cution du contrat\u00a0: prise en charge nutritionnelle, cours, intervention sur mandat, information des nouveaut\u00e9s, actualit\u00e9s propos\u00e9es par le cabinet<em>.<\/em><\/li><\/ol><ol start=\"3\"><li><strong>Transmission \u00e0 des tiers des donn\u00e9es personnelles<br \/><\/strong>Toutes les donn\u00e9es sont enregistr\u00e9es sur un serveur aupr\u00e8s d\u2019un\u00b7e prestataire externe \u00e9tabli\u00b7e en Suisse. Nous choisissons nos prestataires avec soins et nous nous assurons par contrat que vos donn\u00e9es ne sont trait\u00e9es que de la mani\u00e8re de laquelle nous serions autoris\u00e9\u00b7e\u00b7s \u00e0 le faire nous-m\u00eames.<br \/><em>Remarque: si les donn\u00e9es sont h\u00e9berg\u00e9es aupr\u00e8s d\u2019un prestataire \u00e0 l\u2019\u00e9tranger, cela doit \u00eatre indiqu\u00e9 ici.<br \/><\/em>Dans la mesure o\u00f9 nous mandatons des prestataires externes, nous nous assurons par contrat qu\u2019ils\u00b7elles prennent des mesures appropri\u00e9es concernant la s\u00e9curit\u00e9 et la protection des donn\u00e9es personnelles et que les donn\u00e9es ne sont trait\u00e9es qu\u2019aux fins pour lesquelles nous serions autoris\u00e9s \u00e0 le faire nous-m\u00eames.<\/li><\/ol><ol start=\"4\"><li><strong>S\u00e9curit\u00e9 des donn\u00e9es<br \/><\/strong>Pour prot\u00e9ger vos donn\u00e9es personnelles, nous prenons des mesures techniques et organisationnelles appropri\u00e9es.<\/li><\/ol><ol start=\"5\"><li><strong>Conservation des donn\u00e9es<br \/><\/strong>Les donn\u00e9es personnelles sont conserv\u00e9es tant que l\u2019imposent les d\u00e9lais de conservation l\u00e9gaux et contractuels. Apr\u00e8s l\u2019expiration du d\u00e9lai de conservation, les donn\u00e9es personnelles sont effac\u00e9es ou anonymis\u00e9es.<\/li><\/ol><ol start=\"6\"><li><strong>Droits des personnes concern\u00e9es<br \/><\/strong>Au titre de personne concern\u00e9e, vous avez le droit \u00e0 \u00eatre renseign\u00e9\u00b7e sur les donn\u00e9es vous concernant que nous traitons. Vous avez en outre le droit de demander la rectification, l\u2019effacement ou la restriction du traitement de vos donn\u00e9es ainsi que le droit \u00e0 la portabilit\u00e9 de vos donn\u00e9es. Ces droits existent pour autant que des obligations l\u00e9gales de conservation ou nos propres int\u00e9r\u00eats l\u00e9gitimes ne s\u2019opposent pas \u00e0 votre requ\u00eate.<br \/>Vous \u00eates en droit de r\u00e9voquer en tout temps le consentement au traitement des donn\u00e9es accord\u00e9 \u00e0 un moment donn\u00e9. Vous pouvez faire valoir vos droits en vous adressant \u00e0 l\u2019adresse de contact.<\/li><\/ol><ol start=\"7\"><li><strong>Coordonn\u00e9es<br \/><\/strong>En cas de question, vous pouvez nous joindre aux coordonn\u00e9es suivantes:<br \/><strong>Zeste nutrition<\/strong><br \/>Nad\u00e8ge M\u00fcller<br \/>Route du Pr\u00e9-Vert 5b<br \/>1580 Avenches<br \/>026\/675 16 60<br \/><a href=\"mailto:zestenutrition@diets-hin.ch\" target=\"_blank\" rel=\"noopener\">zestenutrition@diets-hin.ch<\/a><\/li><\/ol><ol start=\"8\"><li><strong>Modifications<br \/><\/strong>Nous pouvons adapter en tout temps ces dispositions de protection des donn\u00e9es. La version actuelle, publi\u00e9e sur notre site Internet, fait foi.<\/li><\/ol><p>\u00a0<\/p><p>Fait \u00e0 Avenches, le 19.03.2024<\/p><\/div>\n\t\t\t\t<\/div>\n\t\t\t\t\t\t\t<div class=\"elementor-accordion-item\">\n\t\t\t\t\t<div id=\"elementor-tab-title-1953\" class=\"elementor-tab-title\" data-tab=\"3\" role=\"button\" aria-controls=\"elementor-tab-content-1953\" aria-expanded=\"false\">\n\t\t\t\t\t\t\t\t\t\t\t\t\t<span class=\"elementor-accordion-icon elementor-accordion-icon-left\" aria-hidden=\"true\">\n\t\t\t\t\t\t\t\t\t\t\t\t\t\t\t<span class=\"elementor-accordion-icon-closed\"><i class=\"far fa-caret-square-down\"><\/i><\/span>\n\t\t\t\t\t\t\t\t<span class=\"elementor-accordion-icon-opened\"><i class=\"far fa-caret-square-up\"><\/i><\/span>\n\t\t\t\t\t\t\t\t\t\t\t\t\t\t<\/span>\n\t\t\t\t\t\t\t\t\t\t\t\t<a class=\"elementor-accordion-title\" tabindex=\"0\">Caisse des M\u00e9decins: information patient-es sur le traitement des donn\u00e9es<\/a>\n\t\t\t\t\t<\/div>\n\t\t\t\t\t<div id=\"elementor-tab-content-1953\" class=\"elementor-tab-content elementor-clearfix\" data-tab=\"3\" role=\"region\" aria-labelledby=\"elementor-tab-title-1953\"><p><img decoding=\"async\" src=\"https:\/\/zestenutrition.ch\/wp-content\/uploads\/2024\/03\/Information_Caisse-des-medecins-240319.jpg\" \/><\/p><\/div>\n\t\t\t\t<\/div>\n\t\t\t\t\t\t\t\t<\/div>\n\t\t\t\t\t\t<\/div>\n\t\t\t\t<\/div>\n\t\t\t\t\t<\/div>\n\t\t<\/div>\n\t\t\t\t\t<\/div>\n\t\t<\/section>\n\t\t\t\t<\/div>\n\t\t","protected":false},"excerpt":{"rendered":"<p>D\u00e9claration de protection des donn\u00e9es pour site web Bienvenue sur le site web de notre cabinet di\u00e9t\u00e9tique. La d\u00e9claration de protection des donn\u00e9es suivante s\u2019applique \u00e0 l\u2019utilisation de notre site web et aux services offerts sur celui-ci, sauf accord contraire dans un contrat sp\u00e9cifique. La pr\u00e9sente d\u00e9claration de protection des donn\u00e9es vous informe sur la [&hellip;]<\/p>\n","protected":false},"author":1,"featured_media":0,"parent":0,"menu_order":30,"comment_status":"closed","ping_status":"closed","template":"","meta":{"_acf_changed":false,"footnotes":""},"folder":[],"class_list":["post-1813","page","type-page","status-publish","hentry"],"acf":[],"_links":{"self":[{"href":"https:\/\/zestenutrition.ch\/index.php\/wp-json\/wp\/v2\/pages\/1813","targetHints":{"allow":["GET"]}}],"collection":[{"href":"https:\/\/zestenutrition.ch\/index.php\/wp-json\/wp\/v2\/pages"}],"about":[{"href":"https:\/\/zestenutrition.ch\/index.php\/wp-json\/wp\/v2\/types\/page"}],"author":[{"embeddable":true,"href":"https:\/\/zestenutrition.ch\/index.php\/wp-json\/wp\/v2\/users\/1"}],"replies":[{"embeddable":true,"href":"https:\/\/zestenutrition.ch\/index.php\/wp-json\/wp\/v2\/comments?post=1813"}],"version-history":[{"count":19,"href":"https:\/\/zestenutrition.ch\/index.php\/wp-json\/wp\/v2\/pages\/1813\/revisions"}],"predecessor-version":[{"id":1862,"href":"https:\/\/zestenutrition.ch\/index.php\/wp-json\/wp\/v2\/pages\/1813\/revisions\/1862"}],"wp:attachment":[{"href":"https:\/\/zestenutrition.ch\/index.php\/wp-json\/wp\/v2\/media?parent=1813"}],"wp:term":[{"taxonomy":"folder","embeddable":true,"href":"https:\/\/zestenutrition.ch\/index.php\/wp-json\/wp\/v2\/folder?post=1813"}],"curies":[{"name":"wp","href":"https:\/\/api.w.org\/{rel}","templated":true}]}}