{"id":1777,"date":"2024-03-27T08:34:48","date_gmt":"2024-03-27T08:34:48","guid":{"rendered":"https:\/\/zestenutrition.ch\/?page_id=1777"},"modified":"2024-04-04T16:33:45","modified_gmt":"2024-04-04T16:33:45","slug":"tarifs-la-lamal","status":"publish","type":"page","link":"https:\/\/zestenutrition.ch\/index.php\/tarifs-et-conditions\/tarifs-la-lamal\/","title":{"rendered":"Tarifs LAMal"},"content":{"rendered":"\t\t<div data-elementor-type=\"wp-page\" data-elementor-id=\"1777\" class=\"elementor elementor-1777\" data-elementor-post-type=\"page\">\n\t\t\t\t\t\t<section class=\"ob-is-breaking-bad elementor-section elementor-top-section elementor-element elementor-element-56fa505 elementor-section-full_width elementor-section-height-default elementor-section-height-default\" data-id=\"56fa505\" data-element_type=\"section\" data-e-type=\"section\" data-settings=\"{&quot;_ob_bbad_use_it&quot;:&quot;yes&quot;,&quot;_ob_bbad_sssic_use&quot;:&quot;no&quot;,&quot;_ob_glider_is_slider&quot;:&quot;no&quot;}\">\n\t\t\t\t\t\t<div class=\"elementor-container elementor-column-gap-default\">\n\t\t\t\t\t<div class=\"elementor-column elementor-col-100 elementor-top-column elementor-element elementor-element-580feac3\" data-id=\"580feac3\" data-element_type=\"column\" data-e-type=\"column\" data-settings=\"{&quot;_ob_bbad_is_stalker&quot;:&quot;no&quot;,&quot;_ob_teleporter_use&quot;:false,&quot;_ob_column_hoveranimator&quot;:&quot;no&quot;,&quot;_ob_column_has_pseudo&quot;:&quot;no&quot;}\">\n\t\t\t<div class=\"elementor-widget-wrap elementor-element-populated\">\n\t\t\t\t\t\t<div class=\"elementor-element elementor-element-14d65b6a ob-harakiri-inherit ob-has-background-overlay elementor-widget elementor-widget-text-editor\" data-id=\"14d65b6a\" data-element_type=\"widget\" data-e-type=\"widget\" data-settings=\"{&quot;_ob_use_harakiri&quot;:&quot;yes&quot;,&quot;_ob_harakiri_writing_mode&quot;:&quot;inherit&quot;,&quot;_ob_postman_use&quot;:&quot;no&quot;,&quot;_ob_perspektive_use&quot;:&quot;no&quot;,&quot;_ob_poopart_use&quot;:&quot;yes&quot;,&quot;_ob_shadough_use&quot;:&quot;no&quot;,&quot;_ob_allow_hoveranimator&quot;:&quot;no&quot;,&quot;_ob_widget_stalker_use&quot;:&quot;no&quot;}\" data-widget_type=\"text-editor.default\">\n\t\t\t\t<div class=\"elementor-widget-container\">\n\t\t\t\t\t\t\t\t\t<p>Votre assurance de base (LAMal) prendra en charge le montant des consultations. Un forfait est impos\u00e9 par une convention tarifaire entre l\u2019ASDD et Sant\u00e9 Suisse<\/p><p>\u00a0<\/p><h6><strong>1<sup>\u00e8re<\/sup> consultation &#8211; 106.90 CHF<br \/><\/strong><\/h6><p>45 mn permettent de d\u00e9finir ensemble les objectifs de la prise en charge et de comprendre au mieux la situation v\u00e9cue (histoire m\u00e9dicale, variations de poids, mode de vie, \u2026)<\/p><p>\u00a0<\/p><h6><strong>2<sup>\u00e8me<\/sup> \u00e0 6<sup>\u00e8me<\/sup> consultation &#8211; 83.15 CHF<br \/><\/strong><\/h6><p>30 mn pour \u00e9valuer l\u2019efficacit\u00e9 des changements propos\u00e9s, aborder les th\u00e8mes utiles \u00e0 la prise en charge et d\u00e9terminer de nouvelles pistes d\u2019am\u00e9lioration.<\/p><p><strong>\u00a0<\/strong><\/p><h6><strong>D\u00e8s la 7<sup>\u00e8me<\/sup> consultation &#8211; 69.10 CHF<br \/><\/strong><\/h6><p>20-30 mn pour consolider les acquis et poursuivre l\u2019optimisation de l\u2019alimentation<\/p><p><strong>\u00a0<\/strong><\/p><h6><strong>Facturation<\/strong><\/h6><p>Mandat \u00e0 <a href=\"https:\/\/www.caisse-des-medecins.ch\/infos-patientele\/traitement-des-donnees\/\" target=\"_blank\" rel=\"noopener\">La Caisse des M\u00e9decins<\/a>.<\/p><p>La facture est envoy\u00e9e directement \u00e0 l\u2019assurance, vous recevez une copie pour information.<br \/>Votre assurance vous adresse le montant d\u00fb (vous vous acquittez de franchise et de la quote-part)<\/p><h6>\u00a0<\/h6><h6><strong>Rdv non annul\u00e9 \u00e0 l\u2019avance<\/strong><\/h6><p>50 CHF sont factur\u00e9s directement \u00e0 l\u2019assur\u00e9<\/p>\t\t\t\t\t\t\t\t<\/div>\n\t\t\t\t<\/div>\n\t\t\t\t\t<\/div>\n\t\t<\/div>\n\t\t\t\t\t<\/div>\n\t\t<\/section>\n\t\t\t\t<\/div>\n\t\t","protected":false},"excerpt":{"rendered":"<p>Votre assurance de base (LAMal) prendra en charge le montant des consultations. Un forfait est impos\u00e9 par une convention tarifaire entre l\u2019ASDD et Sant\u00e9 Suisse \u00a0 1\u00e8re consultation &#8211; 106.90 CHF 45 mn permettent de d\u00e9finir ensemble les objectifs de la prise en charge et de comprendre au mieux la situation v\u00e9cue (histoire m\u00e9dicale, variations [&hellip;]<\/p>\n","protected":false},"author":1,"featured_media":0,"parent":485,"menu_order":1,"comment_status":"closed","ping_status":"closed","template":"","meta":{"_acf_changed":false,"footnotes":""},"folder":[],"class_list":["post-1777","page","type-page","status-publish","hentry"],"acf":[],"_links":{"self":[{"href":"https:\/\/zestenutrition.ch\/index.php\/wp-json\/wp\/v2\/pages\/1777","targetHints":{"allow":["GET"]}}],"collection":[{"href":"https:\/\/zestenutrition.ch\/index.php\/wp-json\/wp\/v2\/pages"}],"about":[{"href":"https:\/\/zestenutrition.ch\/index.php\/wp-json\/wp\/v2\/types\/page"}],"author":[{"embeddable":true,"href":"https:\/\/zestenutrition.ch\/index.php\/wp-json\/wp\/v2\/users\/1"}],"replies":[{"embeddable":true,"href":"https:\/\/zestenutrition.ch\/index.php\/wp-json\/wp\/v2\/comments?post=1777"}],"version-history":[{"count":17,"href":"https:\/\/zestenutrition.ch\/index.php\/wp-json\/wp\/v2\/pages\/1777\/revisions"}],"predecessor-version":[{"id":1865,"href":"https:\/\/zestenutrition.ch\/index.php\/wp-json\/wp\/v2\/pages\/1777\/revisions\/1865"}],"up":[{"embeddable":true,"href":"https:\/\/zestenutrition.ch\/index.php\/wp-json\/wp\/v2\/pages\/485"}],"wp:attachment":[{"href":"https:\/\/zestenutrition.ch\/index.php\/wp-json\/wp\/v2\/media?parent=1777"}],"wp:term":[{"taxonomy":"folder","embeddable":true,"href":"https:\/\/zestenutrition.ch\/index.php\/wp-json\/wp\/v2\/folder?post=1777"}],"curies":[{"name":"wp","href":"https:\/\/api.w.org\/{rel}","templated":true}]}}