{"id":1457,"date":"2021-01-22T06:03:58","date_gmt":"2021-01-22T06:03:58","guid":{"rendered":"https:\/\/zeste.pe-art.ch\/?page_id=1457"},"modified":"2021-01-22T06:06:08","modified_gmt":"2021-01-22T06:06:08","slug":"assez-de-vitamines","status":"publish","type":"page","link":"https:\/\/zestenutrition.ch\/index.php\/assez-de-vitamines\/","title":{"rendered":"Assez de vitamines?"},"content":{"rendered":"\t\t<div data-elementor-type=\"wp-page\" data-elementor-id=\"1457\" class=\"elementor elementor-1457\" data-elementor-post-type=\"page\">\n\t\t\t\t\t\t<section class=\"ob-is-breaking-bad elementor-section elementor-top-section elementor-element elementor-element-220fdf0 elementor-section-boxed elementor-section-height-default elementor-section-height-default\" data-id=\"220fdf0\" data-element_type=\"section\" data-e-type=\"section\" data-settings=\"{&quot;_ob_bbad_use_it&quot;:&quot;yes&quot;,&quot;_ob_bbad_sssic_use&quot;:&quot;no&quot;,&quot;_ob_glider_is_slider&quot;:&quot;no&quot;}\">\n\t\t\t\t\t\t<div class=\"elementor-container elementor-column-gap-default\">\n\t\t\t\t\t<div class=\"elementor-column elementor-col-100 elementor-top-column elementor-element elementor-element-46261ee\" data-id=\"46261ee\" data-element_type=\"column\" data-e-type=\"column\" data-settings=\"{&quot;_ob_bbad_is_stalker&quot;:&quot;no&quot;,&quot;_ob_teleporter_use&quot;:false,&quot;_ob_column_hoveranimator&quot;:&quot;no&quot;,&quot;_ob_column_has_pseudo&quot;:&quot;no&quot;}\">\n\t\t\t<div class=\"elementor-widget-wrap elementor-element-populated\">\n\t\t\t\t\t\t<div class=\"elementor-element elementor-element-c90689f ob-harakiri-inherit ob-has-background-overlay elementor-widget elementor-widget-text-editor\" data-id=\"c90689f\" data-element_type=\"widget\" data-e-type=\"widget\" data-settings=\"{&quot;_ob_use_harakiri&quot;:&quot;yes&quot;,&quot;_ob_harakiri_writing_mode&quot;:&quot;inherit&quot;,&quot;_ob_postman_use&quot;:&quot;no&quot;,&quot;_ob_perspektive_use&quot;:&quot;no&quot;,&quot;_ob_poopart_use&quot;:&quot;yes&quot;,&quot;_ob_shadough_use&quot;:&quot;no&quot;,&quot;_ob_allow_hoveranimator&quot;:&quot;no&quot;,&quot;_ob_widget_stalker_use&quot;:&quot;no&quot;}\" data-widget_type=\"text-editor.default\">\n\t\t\t\t<div class=\"elementor-widget-container\">\n\t\t\t\t\t\t\t\t\t<p>Une alimentation \u00e9quilibr\u00e9e couvre les besoins en vitamines des personnes en bonne sant\u00e9 sauf pour la vitamine D qui est principalement apport\u00e9e gr\u00e2ce \u00e0 sa formation sous la peau lors d\u2019exposition au soleil. L\u2019hiver, sous nos latitudes, ce ph\u00e9nom\u00e8ne est g\u00e9n\u00e9ralement insuffisant. Une suppl\u00e9mentation est tr\u00e8s souvent n\u00e9cessaire (plus d\u2019info sur le site de l\u2019OSAV, en lien sur le site)<\/p><p>Les besoins en \u00e9l\u00e9ments essentiels sont augment\u00e9s en cas de grossesse, d\u2019allaitement ainsi que d\u00e8s 60 ans et en cas de maladie.<\/p><p>En cas de doute, posez vos questions \u00e0 un sp\u00e9cialiste.<\/p><p><strong>Vitaminez-vous la vie !<\/strong><\/p>\t\t\t\t\t\t\t\t<\/div>\n\t\t\t\t<\/div>\n\t\t\t\t<div class=\"elementor-element elementor-element-f71e635 ob-has-background-overlay elementor-widget elementor-widget-image\" data-id=\"f71e635\" data-element_type=\"widget\" data-e-type=\"widget\" data-settings=\"{&quot;_ob_photomorph_use&quot;:&quot;no&quot;,&quot;_ob_perspektive_use&quot;:&quot;no&quot;,&quot;_ob_poopart_use&quot;:&quot;yes&quot;,&quot;_ob_shadough_use&quot;:&quot;no&quot;,&quot;_ob_allow_hoveranimator&quot;:&quot;no&quot;,&quot;_ob_widget_stalker_use&quot;:&quot;no&quot;}\" data-widget_type=\"image.default\">\n\t\t\t\t<div class=\"elementor-widget-container\">\n\t\t\t\t\t\t\t\t\t\t\t\t\t\t\t<img fetchpriority=\"high\" decoding=\"async\" width=\"800\" height=\"542\" src=\"https:\/\/zestenutrition.ch\/wp-content\/uploads\/2021\/01\/Grafik_Pyramide.png\" class=\"attachment-large size-large wp-image-1301\" alt=\"\" srcset=\"https:\/\/zestenutrition.ch\/wp-content\/uploads\/2021\/01\/Grafik_Pyramide.png 1000w, https:\/\/zestenutrition.ch\/wp-content\/uploads\/2021\/01\/Grafik_Pyramide-300x203.png 300w, https:\/\/zestenutrition.ch\/wp-content\/uploads\/2021\/01\/Grafik_Pyramide-768x520.png 768w\" sizes=\"(max-width: 800px) 100vw, 800px\" \/>\t\t\t\t\t\t\t\t\t\t\t\t\t\t\t<\/div>\n\t\t\t\t<\/div>\n\t\t\t\t\t<\/div>\n\t\t<\/div>\n\t\t\t\t\t<\/div>\n\t\t<\/section>\n\t\t\t\t<\/div>\n\t\t","protected":false},"excerpt":{"rendered":"<p>Une alimentation \u00e9quilibr\u00e9e couvre les besoins en vitamines des personnes en bonne sant\u00e9 sauf pour la vitamine D qui est principalement apport\u00e9e gr\u00e2ce \u00e0 sa formation sous la peau lors d\u2019exposition au soleil. L\u2019hiver, sous nos latitudes, ce ph\u00e9nom\u00e8ne est g\u00e9n\u00e9ralement insuffisant. Une suppl\u00e9mentation est tr\u00e8s souvent n\u00e9cessaire (plus d\u2019info sur le site de l\u2019OSAV, [&hellip;]<\/p>\n","protected":false},"author":1,"featured_media":0,"parent":0,"menu_order":0,"comment_status":"closed","ping_status":"closed","template":"","meta":{"_acf_changed":false,"footnotes":""},"folder":[],"class_list":["post-1457","page","type-page","status-publish","hentry"],"acf":[],"_links":{"self":[{"href":"https:\/\/zestenutrition.ch\/index.php\/wp-json\/wp\/v2\/pages\/1457","targetHints":{"allow":["GET"]}}],"collection":[{"href":"https:\/\/zestenutrition.ch\/index.php\/wp-json\/wp\/v2\/pages"}],"about":[{"href":"https:\/\/zestenutrition.ch\/index.php\/wp-json\/wp\/v2\/types\/page"}],"author":[{"embeddable":true,"href":"https:\/\/zestenutrition.ch\/index.php\/wp-json\/wp\/v2\/users\/1"}],"replies":[{"embeddable":true,"href":"https:\/\/zestenutrition.ch\/index.php\/wp-json\/wp\/v2\/comments?post=1457"}],"version-history":[{"count":4,"href":"https:\/\/zestenutrition.ch\/index.php\/wp-json\/wp\/v2\/pages\/1457\/revisions"}],"predecessor-version":[{"id":1461,"href":"https:\/\/zestenutrition.ch\/index.php\/wp-json\/wp\/v2\/pages\/1457\/revisions\/1461"}],"wp:attachment":[{"href":"https:\/\/zestenutrition.ch\/index.php\/wp-json\/wp\/v2\/media?parent=1457"}],"wp:term":[{"taxonomy":"folder","embeddable":true,"href":"https:\/\/zestenutrition.ch\/index.php\/wp-json\/wp\/v2\/folder?post=1457"}],"curies":[{"name":"wp","href":"https:\/\/api.w.org\/{rel}","templated":true}]}}